{"id":1603,"date":"2024-08-05T09:46:48","date_gmt":"2024-08-05T07:46:48","guid":{"rendered":"https:\/\/jmnadeau.com\/?page_id=1603"},"modified":"2026-02-20T11:38:36","modified_gmt":"2026-02-20T10:38:36","slug":"hypnose-emdr","status":"publish","type":"page","link":"https:\/\/jmnadeau.com\/index.php\/hypnose-emdr\/","title":{"rendered":"S\u00e9ances &amp; Tarifs"},"content":{"rendered":"\n<p class=\"has-text-align-center has-background has-large-font-size\" style=\"background-color:#ed4f0c63\"><strong>S\u00e9ance EMDR &amp; Hypnose<\/strong><\/p>\n\n\n\n<p class=\"has-text-align-center has-background has-medium-font-size\" style=\"background-color:#f2c8a4\"><strong>   60 \u20ac LA SEANCE<\/strong> Paiement Par Ch\u00e8que ou Esp\u00e8ces<\/p>\n\n\n\n<p class=\"has-background\" style=\"background-color:#e6851e3b\">Apr\u00e8s un \u00e9change ensemble lors de la premi\u00e8re s\u00e9ance, je d\u00e9finis les origines de vos sympt\u00f4mes. En effet je travaille sur les s\u00e9quences qui ont provoqu\u00e9 vos blocages d&rsquo;aujourd&rsquo;hui.<\/p>\n\n\n\n<p class=\"has-background\" style=\"background-color:#ed851526\">Je suis Praticien Certifi\u00e9 en EMDR, Ma\u00eetre Praticien en Hypnose, certification d\u00e9livr\u00e9e par des psychologues cliniciens.<\/p>\n\n\n\n<p class=\"has-background\" style=\"background-color:#e6851026\">Nous travaillons ensemble en EMDR et Hypnose, selon les blocages \u00e0 \u00e9vacuer.&nbsp;<\/p>\n\n\n\n<p class=\"has-background\" style=\"background-color:#e3691221\">Des solutions pour les domaines suivants :<\/p>\n\n\n\n<p class=\"has-text-align-left has-background\" style=\"background-color:#eb6e154a\">Angoisses, stress, confiance en soi, d\u00e9pendance affective, d\u00e9pendances alimentaires, d\u00e9pendances addictives.<\/p>\n\n\n\n<p class=\"has-text-align-left has-background\" style=\"background-color:#e67a1545\">Syndrome de l&rsquo;abandon du rejet, Phobies, traumas du pass\u00e9.<\/p>\n\n\n\n<p class=\"has-background\" style=\"background-color:#e8731347\">S\u00e9paration, deuil.<\/p>\n\n\n\n<p class=\"has-text-align-left has-background\" style=\"background-color:#de7f3147\">Troubles du sommeil, allergies.<\/p>\n\n\n\n<p class=\"has-background\" style=\"background-color:#eb660e24\">Pr\u00e9paration aux examens, aux performances sportives<\/p>\n\n\n\n<p class=\"has-text-align-center has-background has-medium-font-size\" style=\"background-color:#e3621778\"><strong>S\u00e9ance au cabinet       Dur\u00e9e 45 Mn \u00e0 1H.<\/strong><\/p>\n\n\n\n<p class=\"has-text-align-center has-background has-medium-font-size\" style=\"background-color:#eb781a96\"><strong>Tarif : 60 \u20ac<\/strong> Paiement              Par Ch\u00e8que ou Esp\u00e8ces.<\/p>\n\n\n\n<div class=\"wp-block-buttons alignwide is-content-justification-center is-layout-flex wp-container-core-buttons-is-layout-1 wp-block-buttons-is-layout-flex\">\n<div class=\"wp-block-button has-custom-width wp-block-button__width-50 has-custom-font-size has-medium-font-size\"><a class=\"wp-block-button__link has-theme-palette-9-color has-text-color has-background has-link-color wp-element-button\" href=\"https:\/\/perfactive.fr\/jean-marc-nadeau-hypnotherapeute-emdr\/book\" style=\"border-radius:63px;background-color:#df4006ba\">R\u00e9server mon Rendez vous<\/a><\/div>\n<\/div>\n","protected":false},"excerpt":{"rendered":"<p>S\u00e9ance EMDR &amp; Hypnose 60 \u20ac LA SEANCE Paiement Par Ch\u00e8que ou Esp\u00e8ces Apr\u00e8s un \u00e9change ensemble lors de la premi\u00e8re s\u00e9ance, je d\u00e9finis les origines de vos sympt\u00f4mes. En effet je travaille sur les s\u00e9quences qui ont provoqu\u00e9 vos blocages d&rsquo;aujourd&rsquo;hui. Je suis Praticien Certifi\u00e9 en EMDR, Ma\u00eetre Praticien en Hypnose, certification d\u00e9livr\u00e9e par&#8230;<\/p>\n","protected":false},"author":1,"featured_media":0,"parent":0,"menu_order":0,"comment_status":"closed","ping_status":"closed","template":"","meta":{"_kadence_starter_templates_imported_post":false,"_kad_post_transparent":"","_kad_post_title":"","_kad_post_layout":"","_kad_post_sidebar_id":"","_kad_post_content_style":"","_kad_post_vertical_padding":"","_kad_post_feature":"","_kad_post_feature_position":"","_kad_post_header":false,"_kad_post_footer":false,"footnotes":""},"yoast_head":"<!-- This site is optimized with the Yoast SEO plugin v24.5 - https:\/\/yoast.com\/wordpress\/plugins\/seo\/ -->\n<title>S\u00e9ances &amp; Tarifs -<\/title>\n<meta name=\"robots\" content=\"index, follow, max-snippet:-1, max-image-preview:large, max-video-preview:-1\" \/>\n<link rel=\"canonical\" href=\"https:\/\/jmnadeau.com\/index.php\/hypnose-emdr\/\" \/>\n<meta property=\"og:locale\" content=\"fr_FR\" \/>\n<meta property=\"og:type\" content=\"article\" \/>\n<meta property=\"og:title\" content=\"S\u00e9ances &amp; Tarifs -\" \/>\n<meta property=\"og:description\" content=\"S\u00e9ance EMDR &amp; Hypnose 60 \u20ac LA SEANCE Paiement Par Ch\u00e8que ou Esp\u00e8ces Apr\u00e8s un \u00e9change ensemble lors de la premi\u00e8re s\u00e9ance, je d\u00e9finis les origines de vos sympt\u00f4mes. En effet je travaille sur les s\u00e9quences qui ont provoqu\u00e9 vos blocages d&rsquo;aujourd&rsquo;hui. Je suis Praticien Certifi\u00e9 en EMDR, Ma\u00eetre Praticien en Hypnose, certification d\u00e9livr\u00e9e par...\" \/>\n<meta property=\"og:url\" content=\"https:\/\/jmnadeau.com\/index.php\/hypnose-emdr\/\" \/>\n<meta property=\"article:modified_time\" content=\"2026-02-20T10:38:36+00:00\" \/>\n<meta property=\"og:image\" content=\"https:\/\/jmnadeau.com\/wp-content\/uploads\/2024\/03\/Original.png\" \/>\n\t<meta property=\"og:image:width\" content=\"3000\" \/>\n\t<meta property=\"og:image:height\" content=\"3000\" \/>\n\t<meta property=\"og:image:type\" content=\"image\/png\" \/>\n<meta name=\"twitter:card\" content=\"summary_large_image\" \/>\n<meta name=\"twitter:label1\" content=\"Dur\u00e9e de lecture estim\u00e9e\" \/>\n\t<meta name=\"twitter:data1\" content=\"1 minute\" \/>\n<script type=\"application\/ld+json\" class=\"yoast-schema-graph\">{\"@context\":\"https:\/\/schema.org\",\"@graph\":[{\"@type\":\"WebPage\",\"@id\":\"https:\/\/jmnadeau.com\/index.php\/hypnose-emdr\/\",\"url\":\"https:\/\/jmnadeau.com\/index.php\/hypnose-emdr\/\",\"name\":\"S\u00e9ances &amp; Tarifs -\",\"isPartOf\":{\"@id\":\"https:\/\/jmnadeau.com\/#website\"},\"datePublished\":\"2024-08-05T07:46:48+00:00\",\"dateModified\":\"2026-02-20T10:38:36+00:00\",\"breadcrumb\":{\"@id\":\"https:\/\/jmnadeau.com\/index.php\/hypnose-emdr\/#breadcrumb\"},\"inLanguage\":\"fr-FR\",\"potentialAction\":[{\"@type\":\"ReadAction\",\"target\":[\"https:\/\/jmnadeau.com\/index.php\/hypnose-emdr\/\"]}]},{\"@type\":\"BreadcrumbList\",\"@id\":\"https:\/\/jmnadeau.com\/index.php\/hypnose-emdr\/#breadcrumb\",\"itemListElement\":[{\"@type\":\"ListItem\",\"position\":1,\"name\":\"Accueil\",\"item\":\"https:\/\/jmnadeau.com\/\"},{\"@type\":\"ListItem\",\"position\":2,\"name\":\"S\u00e9ances &amp; Tarifs\"}]},{\"@type\":\"WebSite\",\"@id\":\"https:\/\/jmnadeau.com\/#website\",\"url\":\"https:\/\/jmnadeau.com\/\",\"name\":\"Jean-Marc Nadeau Ma\u00eetre Praticien en Hypnose & Praticien Certifi\u00e9 en EMDR\",\"description\":\"\",\"publisher\":{\"@id\":\"https:\/\/jmnadeau.com\/#organization\"},\"potentialAction\":[{\"@type\":\"SearchAction\",\"target\":{\"@type\":\"EntryPoint\",\"urlTemplate\":\"https:\/\/jmnadeau.com\/?s={search_term_string}\"},\"query-input\":{\"@type\":\"PropertyValueSpecification\",\"valueRequired\":true,\"valueName\":\"search_term_string\"}}],\"inLanguage\":\"fr-FR\"},{\"@type\":\"Organization\",\"@id\":\"https:\/\/jmnadeau.com\/#organization\",\"name\":\"Jean-Marc Nadeau Ma\u00eetre Praticien en Hypnose & Praticien Certifi\u00e9 en EMDR\",\"url\":\"https:\/\/jmnadeau.com\/\",\"logo\":{\"@type\":\"ImageObject\",\"inLanguage\":\"fr-FR\",\"@id\":\"https:\/\/jmnadeau.com\/#\/schema\/logo\/image\/\",\"url\":\"https:\/\/jmnadeau.com\/wp-content\/uploads\/2024\/08\/cropped-Psycho-Energeticien-2.png\",\"contentUrl\":\"https:\/\/jmnadeau.com\/wp-content\/uploads\/2024\/08\/cropped-Psycho-Energeticien-2.png\",\"width\":500,\"height\":462,\"caption\":\"Jean-Marc Nadeau Ma\u00eetre Praticien en Hypnose & Praticien Certifi\u00e9 en EMDR\"},\"image\":{\"@id\":\"https:\/\/jmnadeau.com\/#\/schema\/logo\/image\/\"}}]}<\/script>\n<!-- \/ Yoast SEO plugin. -->","yoast_head_json":{"title":"S\u00e9ances &amp; Tarifs -","robots":{"index":"index","follow":"follow","max-snippet":"max-snippet:-1","max-image-preview":"max-image-preview:large","max-video-preview":"max-video-preview:-1"},"canonical":"https:\/\/jmnadeau.com\/index.php\/hypnose-emdr\/","og_locale":"fr_FR","og_type":"article","og_title":"S\u00e9ances &amp; Tarifs -","og_description":"S\u00e9ance EMDR &amp; Hypnose 60 \u20ac LA SEANCE Paiement Par Ch\u00e8que ou Esp\u00e8ces Apr\u00e8s un \u00e9change ensemble lors de la premi\u00e8re s\u00e9ance, je d\u00e9finis les origines de vos sympt\u00f4mes. En effet je travaille sur les s\u00e9quences qui ont provoqu\u00e9 vos blocages d&rsquo;aujourd&rsquo;hui. Je suis Praticien Certifi\u00e9 en EMDR, Ma\u00eetre Praticien en Hypnose, certification d\u00e9livr\u00e9e par...","og_url":"https:\/\/jmnadeau.com\/index.php\/hypnose-emdr\/","article_modified_time":"2026-02-20T10:38:36+00:00","og_image":[{"width":3000,"height":3000,"url":"https:\/\/jmnadeau.com\/wp-content\/uploads\/2024\/03\/Original.png","type":"image\/png"}],"twitter_card":"summary_large_image","twitter_misc":{"Dur\u00e9e de lecture estim\u00e9e":"1 minute"},"schema":{"@context":"https:\/\/schema.org","@graph":[{"@type":"WebPage","@id":"https:\/\/jmnadeau.com\/index.php\/hypnose-emdr\/","url":"https:\/\/jmnadeau.com\/index.php\/hypnose-emdr\/","name":"S\u00e9ances &amp; Tarifs -","isPartOf":{"@id":"https:\/\/jmnadeau.com\/#website"},"datePublished":"2024-08-05T07:46:48+00:00","dateModified":"2026-02-20T10:38:36+00:00","breadcrumb":{"@id":"https:\/\/jmnadeau.com\/index.php\/hypnose-emdr\/#breadcrumb"},"inLanguage":"fr-FR","potentialAction":[{"@type":"ReadAction","target":["https:\/\/jmnadeau.com\/index.php\/hypnose-emdr\/"]}]},{"@type":"BreadcrumbList","@id":"https:\/\/jmnadeau.com\/index.php\/hypnose-emdr\/#breadcrumb","itemListElement":[{"@type":"ListItem","position":1,"name":"Accueil","item":"https:\/\/jmnadeau.com\/"},{"@type":"ListItem","position":2,"name":"S\u00e9ances &amp; Tarifs"}]},{"@type":"WebSite","@id":"https:\/\/jmnadeau.com\/#website","url":"https:\/\/jmnadeau.com\/","name":"Jean-Marc Nadeau Ma\u00eetre Praticien en Hypnose & Praticien Certifi\u00e9 en EMDR","description":"","publisher":{"@id":"https:\/\/jmnadeau.com\/#organization"},"potentialAction":[{"@type":"SearchAction","target":{"@type":"EntryPoint","urlTemplate":"https:\/\/jmnadeau.com\/?s={search_term_string}"},"query-input":{"@type":"PropertyValueSpecification","valueRequired":true,"valueName":"search_term_string"}}],"inLanguage":"fr-FR"},{"@type":"Organization","@id":"https:\/\/jmnadeau.com\/#organization","name":"Jean-Marc Nadeau Ma\u00eetre Praticien en Hypnose & Praticien Certifi\u00e9 en EMDR","url":"https:\/\/jmnadeau.com\/","logo":{"@type":"ImageObject","inLanguage":"fr-FR","@id":"https:\/\/jmnadeau.com\/#\/schema\/logo\/image\/","url":"https:\/\/jmnadeau.com\/wp-content\/uploads\/2024\/08\/cropped-Psycho-Energeticien-2.png","contentUrl":"https:\/\/jmnadeau.com\/wp-content\/uploads\/2024\/08\/cropped-Psycho-Energeticien-2.png","width":500,"height":462,"caption":"Jean-Marc Nadeau Ma\u00eetre Praticien en Hypnose & Praticien Certifi\u00e9 en EMDR"},"image":{"@id":"https:\/\/jmnadeau.com\/#\/schema\/logo\/image\/"}}]}},"_links":{"self":[{"href":"https:\/\/jmnadeau.com\/index.php\/wp-json\/wp\/v2\/pages\/1603"}],"collection":[{"href":"https:\/\/jmnadeau.com\/index.php\/wp-json\/wp\/v2\/pages"}],"about":[{"href":"https:\/\/jmnadeau.com\/index.php\/wp-json\/wp\/v2\/types\/page"}],"author":[{"embeddable":true,"href":"https:\/\/jmnadeau.com\/index.php\/wp-json\/wp\/v2\/users\/1"}],"replies":[{"embeddable":true,"href":"https:\/\/jmnadeau.com\/index.php\/wp-json\/wp\/v2\/comments?post=1603"}],"version-history":[{"count":27,"href":"https:\/\/jmnadeau.com\/index.php\/wp-json\/wp\/v2\/pages\/1603\/revisions"}],"predecessor-version":[{"id":1908,"href":"https:\/\/jmnadeau.com\/index.php\/wp-json\/wp\/v2\/pages\/1603\/revisions\/1908"}],"wp:attachment":[{"href":"https:\/\/jmnadeau.com\/index.php\/wp-json\/wp\/v2\/media?parent=1603"}],"curies":[{"name":"wp","href":"https:\/\/api.w.org\/{rel}","templated":true}]}}